{"id":152,"date":"2018-11-02T10:41:38","date_gmt":"2018-11-02T10:41:38","guid":{"rendered":"http:\/\/listeo.wpengine.com\/?page_id=32"},"modified":"2025-12-25T18:49:16","modified_gmt":"2025-12-25T15:49:16","slug":"grid-full-width-map","status":"publish","type":"page","link":"https:\/\/www.anaokulubul.com.tr\/index.php\/grid-full-width-map\/","title":{"rendered":"Kurumlar"},"content":{"rendered":"\r\n\t\t\t<div class=\"row margin-bottom-25\">\r\n\r\n\t\t\t\t\n\t<div class=\"col-md-3 col-xs-6\">\n\t\t<!-- Layout Switcher -->\n\t\t<div class=\"layout-switcher\">\n\t\t\t\t\t\t\t<a href=\"#\" data-layout=\"grid\" class=\"grid\"><i class=\"fa fa-th\"><\/i><\/a>\n\t\t\t\t<a href=\"#\" data-layout=\"list\" class=\"list\"><i class=\"fa fa-align-justify\"><\/i><\/a>\n\t\t\t\t\t<\/div>\n\t<\/div>\n\n\n<!-- Sorting \/ Layout Switcher -->\n\t<div class=\"col-md-9\">\n\t\t\t<div class=\"fullwidth-filters  ajax-search \">\n\n\t\t\t\t\t\t\t<!-- Panel Dropdown -->\n\t\t\t\t<div class=\"panel-dropdown wide float-right\" id=\"tax-listing_feature-panel\">\n\t\t\t\t\t<a href=\"#\">Daha Fazla Filtre<\/a>\n\t\t\t\t\t<div class=\"panel-dropdown-content checkboxes\">\n\t\t\t\t\t\t\t\t\t\t\t\t<div class=\"row\">\n\n\t\t\t\t\t\t\t\t\t\t\t\t\t\t\t<div class=\"notification warning\">\n\t\t\t\t\t\t\t\t\t<p>Filtreleri g\u00f6r\u00fcnt\u00fclemek i\u00e7in l\u00fctfen kategori se\u00e7in<\/p>\n\t\t\t\t\t\t\t\t<\/div>\n\n\t\t\t\t\t\t\t\n\t\t\t\t\t\t<\/div>\n\n\t\t\t\t\t\t<!-- Buttons -->\n\t\t\t\t\t\t<div class=\"panel-buttons\">\n\t\t\t\t\t\t\t<span class=\"panel-cancel\">\u0130ptal<\/span>\n\t\t\t\t\t\t\t<button class=\"panel-apply\">Uygula<\/button>\n\t\t\t\t\t\t<\/div>\n\n\t\t\t\t\t<\/div>\n\t\t\t\t<\/div>\n\t\t\t\t<!-- Panel Dropdown \/ End -->\n\t\t\t\n\t\t\t\t\t\t\t<!-- Panel Dropdown-->\n\t\t\t\t<div class=\"panel-dropdown float-right\">\n\t\t\t\t\t<a href=\"#\">Mesafe Yar\u0131\u00e7ap\u0131<\/a>\n\t\t\t\t\t<div class=\"panel-dropdown-content radius-dropdown\">\n\t\t\t\t\t\t\t\t\t\t\t\t<input form=\"listeo_core-search-form\" name=\"search_radius\" class=\"distance-radius\" type=\"range\" min=\"1\" max=\"100\" step=\"1\" value=\"\" data-title=\"Se\u00e7ilen hedef \u00e7evresindeki mesafe\">\n\t\t\t\t\t\t<div class=\"panel-buttons\">\n\t\t\t\t\t\t\t<span class=\"panel-disable\" data-disable=\"Devre d\u0131\u015f\u0131\" data-enable=\"Aktif\">Etkisizle\u015ftir<\/span>\n\t\t\t\t\t\t\t<button class=\"panel-apply\">Uygula<\/button>\n\t\t\t\t\t\t<\/div>\n\t\t\t\t\t<\/div>\n\t\t\t\t<\/div>\n\t\t\t\t<!-- Panel Dropdown \/ End -->\n\t\t\t\n\t\t\t\t\t\t\t<!-- Sort by -->\n\t\t\t\t<div class=\"sort-by\">\n\t\t\t\t\t<div class=\"sort-by-select\">\n\t\t\t\t\t\t\t\t\t\t\t\t\t\t\t\t\t\t<select form=\"listeo_core-search-form\" name=\"listeo_core_order\" data-placeholder=\"Varsay\u0131lan s\u0131ralama\" class=\"select2-sortby orderby\">\n\t\t\t\t\t\t\t<option  value=\"default\">Varsay\u0131lan S\u0131ralama<\/option>\n\t\t\t\t\t\t\t\t\t\t\t\t\t\t\t\t\t\t\t\t\t <option  value=\"highest-rated\">En Y\u00fcksek Puanl\u0131<\/option>\t\t\t\t\t\t\t\t\t\t\t\t\t\t<option  value=\"date-desc\">Yeniye G\u00f6re S\u0131rala<\/option>\t\t\t\t\t\t\t<option  value=\"date-asc\">Eskiye G\u00f6re S\u0131rala<\/option>\t\t\t\t\t\t\t<option  value=\"title\">Alfabetik<\/option>\t\t\t\t\t\t\t<option  selected='selected' value=\"featured\">\u00d6ne \u00c7\u0131kan<\/option>\t\t\t\t\t\t\t<option  value=\"views\">En \u00c7ok G\u00f6r\u00fcnt\u00fclenen<\/option>\t\t\t\t\t\t\t<option  value=\"verified\">Do\u011frulanm\u0131\u015f<\/option>\t\t\t\t\t\t\t<option  value=\"upcoming-event\">Yakla\u015fan Etkinlik<\/option>\t\t\t\t\t\t\t<option  value=\"rand\">Rastgele<\/option>\t\t\t\t\t\t<\/select>\n\t\t\t\t\t<\/div>\n\t\t\t\t<\/div>\n\t\t\t\t<!-- Sort by \/ End -->\n\t\t\t\n\t\t<\/div>\n\t\t<\/div>\t\t\t<\/div>\r\n\t\t<!-- Listings -->\r\n\r\n<div id=\"listeo-listings-container\" \r\ndata-counter=\"1\" \r\ndata-style=\"compact\"  \r\ndata-custom_class=\"\" \r\ndata-per_page=\"6\" \r\ndata-grid_columns=\"3\" \r\n data-region=\"\"  data-category=\"\"  data-feature=\"\" class=\" compact-layout row row  ajax-search\">\r\n\t<div class=\"loader-ajax-container\" > <div class=\"loader-ajax\"><\/div> <\/div><!-- Listing Item -->\r\n        <div class=\"col-lg-4 col-md-6\">\r\n                <a href=\"https:\/\/www.anaokulubul.com.tr\/index.php\/ilan\/bilge-tohumlar-anaokulu-2\/\"  class=\"listing-item-container listing-geo-data compact\" \r\n\t\tdata-title=\"Bilge Tohumlar Anaokulu\"\r\n\t\tdata-listing-type=\"bakm-evi\"\r\n\t\tdata-classifieds-price=\"&#8378;\"\r\n\t\tdata-friendly-address=\"\"\r\n\t\tdata-address=\"Bulgurlu mah, Bulgurlu, \u0130zzettinbey Soka\u011f\u0131, \u00dcsk\u00fcdar\/\u0130stanbul, T\u00fcrkiye\"\r\n\t\tdata-image=\"https:\/\/www.anaokulubul.com.tr\/wp-content\/uploads\/2026\/04\/FZZX8083-520x397.jpg\"\r\n\t\tdata-longitude=\"29.0807856\"\r\n\t\tdata-latitude=\"41.0226839\"\r\n\t\t\t\tdata-icon=\"&lt;i class=&quot;fas fa-house&quot;&gt;&lt;\/i&gt;\"\r\n\r\n\t>\r\n            <div class=\"listing-item  \">\r\n                <div class=\"listing-small-badges-container\">\r\n                                                                                \r\n                                        \r\n                                        \r\n                <\/div>\r\n                <img decoding=\"async\" src=\"https:\/\/www.anaokulubul.com.tr\/wp-content\/uploads\/2026\/04\/FZZX8083-520x397.jpg\" alt=\"Bilge Tohumlar Anaokulu\" class=\"listing-thumbnail\">\r\n                                            <div class=\"listing-badge now-closed\">Kapal\u0131<\/div>\r\n                                        \r\n\r\n                <div class=\"listing-item-content\">\r\n                    \r\n                    <h3> Bilge Tohumlar Anaokulu <\/h3>\r\n                    <span>Bulgurlu mah, Bulgurlu, \u0130zzettinbey Soka\u011f\u0131, \u00dcsk\u00fcdar\/\u0130stanbul, T\u00fcrkiye<\/span>\r\n                <\/div>\r\n                                        <span class=\"save like-icon tooltip left\" title=\"\u00d6\u011feleri Yer \u0130\u015faretine Eklemek \u0130\u00e7in Giri\u015f Yap\u0131n\"><\/span>\r\n                                                <\/div>\r\n        <\/a>\r\n                    <\/div>\r\n        \r\n\r\n        <!-- Listing Item \/ End -->\t\t\t<\/div>\r\n\t\t\t\t\t\t\t<div class=\"pagination-container margin-top-20 margin-bottom-20 ajax-search\">\r\n\t\t\t\t\t\t\t\t\t<\/div>\r\n\t\t\t\t\t\t\n","protected":false},"excerpt":{"rendered":"","protected":false},"author":1,"featured_media":0,"parent":0,"menu_order":0,"comment_status":"closed","ping_status":"closed","template":"template-listings-map.php","meta":{"footnotes":""},"class_list":["post-152","page","type-page","status-publish","hentry"],"_links":{"self":[{"href":"https:\/\/www.anaokulubul.com.tr\/index.php\/wp-json\/wp\/v2\/pages\/152","targetHints":{"allow":["GET"]}}],"collection":[{"href":"https:\/\/www.anaokulubul.com.tr\/index.php\/wp-json\/wp\/v2\/pages"}],"about":[{"href":"https:\/\/www.anaokulubul.com.tr\/index.php\/wp-json\/wp\/v2\/types\/page"}],"author":[{"embeddable":true,"href":"https:\/\/www.anaokulubul.com.tr\/index.php\/wp-json\/wp\/v2\/users\/1"}],"replies":[{"embeddable":true,"href":"https:\/\/www.anaokulubul.com.tr\/index.php\/wp-json\/wp\/v2\/comments?post=152"}],"version-history":[{"count":1,"href":"https:\/\/www.anaokulubul.com.tr\/index.php\/wp-json\/wp\/v2\/pages\/152\/revisions"}],"predecessor-version":[{"id":471,"href":"https:\/\/www.anaokulubul.com.tr\/index.php\/wp-json\/wp\/v2\/pages\/152\/revisions\/471"}],"wp:attachment":[{"href":"https:\/\/www.anaokulubul.com.tr\/index.php\/wp-json\/wp\/v2\/media?parent=152"}],"curies":[{"name":"wp","href":"https:\/\/api.w.org\/{rel}","templated":true}]}}